{"id":152,"date":"2021-02-17T20:04:50","date_gmt":"2021-02-17T19:04:50","guid":{"rendered":"http:\/\/ensemblealhorizon.com\/?page_id=152"},"modified":"2024-12-23T12:56:30","modified_gmt":"2024-12-23T11:56:30","slug":"qui-sommes-nous","status":"publish","type":"page","link":"https:\/\/ensemblealhorizon.com\/index.php\/qui-sommes-nous\/","title":{"rendered":"QUI SOMMES NOUS ?"},"content":{"rendered":"<p>&nbsp;<\/p>\n<p style=\"text-align: center;\"><span style=\"color: #003300; font-size: 14pt; font-family: verdana, geneva, sans-serif;\"><span style=\"color: #00496b; font-size: 18pt;\"><strong>ENSEMBLE\u00a0<\/strong><\/span><\/span><\/p>\n<p style=\"text-align: center;\"><span style=\"color: #003300; font-size: 14pt; font-family: verdana, geneva, sans-serif;\">Est une association loi 1901, cr\u00e9\u00e9e en f\u00e9vrier 2009 dont le but est de rassembler des personnes autour d&rsquo;une m\u00eame id\u00e9e :<\/span><\/p>\n<h3 style=\"text-align: center;\"><span style=\"font-family: verdana, geneva, sans-serif;\"><strong><span style=\"color: #00496b; font-size: 14pt;\">Rendre la montagne accessible \u00e0 tous<\/span><\/strong><\/span><\/h3>\n<p>&nbsp;<\/p>\n<p style=\"text-align: center;\"><span style=\"color: #003300; font-size: 14pt; font-family: verdana, geneva, sans-serif;\">Elle s&rsquo;adresse aux personnes \u00e0 mobilit\u00e9 r\u00e9duite, porteuses de handicaps mentaux et\/ou physiques, aux personnes en convalescence ou diminu\u00e9es par la maladie ou l\u2019accident, ou tout autre public d\u00e9sireux de d\u00e9couvrir l\u2019univers de la montagne et d\u00e9sirant partager le plaisir de randonner.<\/span><\/p>\n<p style=\"text-align: center;\"><span style=\"color: #003300; font-size: 14pt; font-family: verdana, geneva, sans-serif;\">L&rsquo;objectif est de partager les joies de la montagne entre valides et non valides : <span style=\"color: #00496b; font-size: 18pt;\"><strong>ENSEMBLE<\/strong><\/span>.<\/span><\/p>\n<p>\u00a0 \u00a0 \u00a0 \u00a0 \u00a0 \u00a0 \u00a0 \u00a0 \u00a0 \u00a0 \u00a0 \u00a0 \u00a0 \u00a0 \u00a0 \u00a0 \u00a0 \u00a0 \u00a0 \u00a0 \u00a0 <img decoding=\"async\" class=\"wp-image-876 aligncenter lazyload\" data-src=\"https:\/\/ensemblealhorizon.com\/wp-content\/uploads\/2021\/04\/Tract-A5-Recto-214x300.png\" alt=\"\" width=\"333\" height=\"467\" data-srcset=\"https:\/\/ensemblealhorizon.com\/wp-content\/uploads\/2021\/04\/Tract-A5-Recto-214x300.png 214w, https:\/\/ensemblealhorizon.com\/wp-content\/uploads\/2021\/04\/Tract-A5-Recto.png 619w\" data-sizes=\"(max-width: 333px) 100vw, 333px\" src=\"data:image\/svg+xml;base64,PHN2ZyB3aWR0aD0iMSIgaGVpZ2h0PSIxIiB4bWxucz0iaHR0cDovL3d3dy53My5vcmcvMjAwMC9zdmciPjwvc3ZnPg==\" style=\"--smush-placeholder-width: 333px; --smush-placeholder-aspect-ratio: 333\/467;\" \/><\/p>\n<p lang=\"fr-FR\">\n","protected":false},"excerpt":{"rendered":"<p>&nbsp; ENSEMBLE\u00a0 Est une association loi 1901, cr\u00e9\u00e9e en f\u00e9vrier 2009 dont le but est de rassembler des personnes autour d&rsquo;une m\u00eame id\u00e9e : Rendre la montagne accessible \u00e0 tous &nbsp; Elle s&rsquo;adresse aux personnes \u00e0 mobilit\u00e9 r\u00e9duite, porteuses de &hellip; <a href=\"https:\/\/ensemblealhorizon.com\/index.php\/qui-sommes-nous\/\">Continuer la lecture <span class=\"meta-nav\">&rarr;<\/span><\/a><\/p>\n","protected":false},"author":72,"featured_media":0,"parent":0,"menu_order":0,"comment_status":"closed","ping_status":"closed","template":"","meta":{"footnotes":""},"class_list":["post-152","page","type-page","status-publish","hentry"],"jetpack_sharing_enabled":true,"_links":{"self":[{"href":"https:\/\/ensemblealhorizon.com\/index.php\/wp-json\/wp\/v2\/pages\/152","targetHints":{"allow":["GET"]}}],"collection":[{"href":"https:\/\/ensemblealhorizon.com\/index.php\/wp-json\/wp\/v2\/pages"}],"about":[{"href":"https:\/\/ensemblealhorizon.com\/index.php\/wp-json\/wp\/v2\/types\/page"}],"author":[{"embeddable":true,"href":"https:\/\/ensemblealhorizon.com\/index.php\/wp-json\/wp\/v2\/users\/72"}],"replies":[{"embeddable":true,"href":"https:\/\/ensemblealhorizon.com\/index.php\/wp-json\/wp\/v2\/comments?post=152"}],"version-history":[{"count":54,"href":"https:\/\/ensemblealhorizon.com\/index.php\/wp-json\/wp\/v2\/pages\/152\/revisions"}],"predecessor-version":[{"id":4293,"href":"https:\/\/ensemblealhorizon.com\/index.php\/wp-json\/wp\/v2\/pages\/152\/revisions\/4293"}],"wp:attachment":[{"href":"https:\/\/ensemblealhorizon.com\/index.php\/wp-json\/wp\/v2\/media?parent=152"}],"curies":[{"name":"wp","href":"https:\/\/api.w.org\/{rel}","templated":true}]}}