{"id":23,"date":"2021-02-16T21:12:20","date_gmt":"2021-02-16T20:12:20","guid":{"rendered":"http:\/\/ensemblealhorizon.com\/?page_id=23"},"modified":"2022-11-15T17:09:32","modified_gmt":"2022-11-15T16:09:32","slug":"temoinages","status":"publish","type":"page","link":"https:\/\/ensemblealhorizon.com\/index.php\/temoinages\/","title":{"rendered":"TEMOIGNAGES"},"content":{"rendered":"<p style=\"text-align: center;\"><strong><span style=\"font-family: arial, helvetica, sans-serif; font-size: 18pt;\">TEMOIGNAGES<\/span><\/strong><\/p>\n<p><strong><span style=\"font-size: 14pt;\">Elise :<\/span><\/strong><\/p>\n<p><a href=\"https:\/\/ensemblealhorizon.com\/wp-content\/uploads\/2022\/11\/ASCENSION-ET-CREATION-avec-ENSEMBLE-Elise.docx\" target=\"_blank\" rel=\"noopener\">ASCENSION ET CREATION avec ENSEMBLE Elise<\/a><\/p>\n<p align=\"center\"><span style=\"font-size: x-large;\"><b>ASCENSION ET CREATION avec ENSEMBLE<\/b><\/span><\/p>\n<p align=\"right\">\u00ab La po\u00e9sie est ascension furieuse \u00bb Ren\u00e9 Char, <i>Fureur et myst\u00e8re<\/i><\/p>\n<p>Rendre la montagne accessible \u00e0 tous : voil\u00e0 un objectif que je partage avec Ensemble!<\/p>\n<p>J\u2019en ai m\u00eame fait mon m\u00e9tier en travaillant comme guide de trekking en Gr\u00e8ce puis monitrice d\u2019escalade dans les Alpes.<\/p>\n<p>Amoureuse des mots, j\u2019aimerais d\u00e9sormais transmettre aux autres la \u00ab fureur \u00bb d\u2019\u00e9crire en m\u00eame temps que celle de grimper, randonner et voyager. Mon r\u00eave : organiser des sorties et des stages qui associeraient activit\u00e9s de montagne et ateliers cr\u00e9atifs sur le th\u00e8me du carnet de voyage.<\/p>\n<p>En formation pour devenir animatrice d\u2019ateliers d\u2019\u00e9criture j\u2019avais imagin\u00e9 une animation qui me permettrait \u00e0 la fois d\u2019obtenir ma certification et d\u2019inaugurer mon projet \u00ab ascensions et cr\u00e9ations \u00bb. Mais il me manquait le plus important : un groupe de \u00ab furieux \u00bb randonneurs \u00e0 qui la proposer !<\/p>\n<p>Et c\u2019est comme \u00e7a que j\u2019ai eu connaissance de l\u2019association Ensemble\u2026<\/p>\n<p>En d\u00e9couvrant Ensemble via son site internet, j\u2019ai particuli\u00e8rement appr\u00e9ci\u00e9 les valeurs de l\u2019association, son objectif de rendre la montagne accessible \u00e0 tous, les photos et vid\u00e9os des sorties et le nom \u00ab Ensemble \u00bb.<\/p>\n<p>Utilis\u00e9 comme adverbe, le mot \u00ab ensemble \u00bb m\u2019\u00e9voque l\u2019amiti\u00e9 d\u00e9finie ainsi par le po\u00e8te Andr\u00e9 Breton: \u00ab La sympathie qui existe entre deux, entre plusieurs \u00eatres semble bien les mettre sur la voie de solutions qu&rsquo;ils poursuivraient s\u00e9par\u00e9ment en vain. \u00bb<\/p>\n<p>Utilis\u00e9 comme un nom, le mot \u00ab ensemble \u00bb m\u2019\u00e9voque deux th\u00e8mes en lien avec mon projet : l\u2019art et l\u2019id\u00e9e de groupe.<\/p>\n<p>En effet, dans le domaine artistique, un \u00ab ensemble \u00bb est un groupe de musiciens habitu\u00e9s \u00e0 se retrouver r\u00e9guli\u00e8rement pour pratiquer. Et se retrouver r\u00e9guli\u00e8rement pour partager leur passion, c\u2019est aussi leur \u00ab truc \u00bb, aux membres d\u2019Ensemble !<\/p>\n<p>La prochaine sortie \u00e9tant programm\u00e9e pour le 6 novembre, j\u2019ai contact\u00e9 \u00c9ric pour lui demander si je pouvais me joindre au groupe et proposer mon atelier d\u2019\u00e9criture aux participants&#8230;<\/p>\n<p>Pour le rassemblement du jour, Claude avait compos\u00e9 une v\u00e9ritable m\u00e9lodie du bonheur : une randonn\u00e9e au \u00ab Mont Truc, un joli petit sommet b\u00e9n\u00e9ficiant d&rsquo;un panorama \u00e0 360 degr\u00e9s sur le Mont Joly, les Aravis et les Aiguilles de Warens avec une vue de premier plan sur les D\u00f4mes de Miage, le col du Tricot et l&rsquo;Aiguille de Bionnassay \u00bb.<\/p>\n<p>Sur la route entre les Houches et Domancy, Fran\u00e7oise m\u2019a mise dans l\u2019ambiance en me racontant une sortie faite avec Ensemble \u00e0 l\u2019occasion du festival Cosmojazz : une balade suivie d\u2019un concert au milieu des montagnes, juste au-dessus du lac d\u2019Emosson.<\/p>\n<p>Arriv\u00e9es au point de rendez-vous, nous avons retrouv\u00e9 tous les membres de l\u2019Ensemble avec qui j\u2019aurai la chance de jouer pour la premi\u00e8re fois ce jour-l\u00e0. Avec leurs personnalit\u00e9s aussi diverses qu\u2019un triangle, une clarinette et une contrebasse on aurait dit un orchestre philharmonique (mot qui vient du grec \u00ab philein \u00bb, aimer et \u00ab harmonia \u00bb, union).<\/p>\n<p>La m\u00e9lodie du bonheur pouvait alors commencer\u2026<\/p>\n<p>\u00c0 <b>DO<\/b>mancy, j\u2019ai profit\u00e9 de quelques \u00ab <b>RAY<\/b>ons de soleil d&rsquo;or \u00bb pour distribuer les partitions sur lesquelles les musiciens allaient prendre des \u00ab notes \u00bb et composer leur propre m\u00e9lodie. Nous nous sommes ensuite regroup\u00e9s dans les v\u00e9hicules et <b>MI<\/b>s en route pour le village aux trois <b>FA<\/b>milles (Mollard, Mermoud et Roch-Dupland), les Contamines. Puis, une fois la cl\u00e9 de <b>SOL <\/b>retrouv\u00e9e et les instruments accord\u00e9s sur le parking de <b>LA<\/b> Frasse, Claire et Fabien se sont as<b>SI<\/b>s dans les \u00ab jo\u00eblettes \u00bb.<\/p>\n<p>M\u00e9fions-nous des apparences !<\/p>\n<p>Install\u00e9s dans leurs dr\u00f4les de fauteuils, Claire et Fabien ne sont pas de simples spectateurs venus l\u00e0 pour assister au concert. Je crois m\u00eame que c\u2019est en grande partie \u00e0 eux que l\u2019on doit cette si belle symphonie (mot qui vient du grec \u00ab syn \u00bb, ENSEMBLE et \u00ab phonie \u00bb, le son&#8230;).<\/p>\n<p>V\u00e9ritables chefs d\u2019orchestre, ils nous ont rassembl\u00e9s, harmonis\u00e9s et entra\u00een\u00e9s, en rythme, jusqu\u2019au sommet de notre ascension: les chalets du Truc.<\/p>\n<p>L\u2019entracte a \u00e9t\u00e9 un magnifique temps de partage compos\u00e9, lui, de discussions passionnantes, de rires, de jeux avec notre mascotte Caramel, de sp\u00e9cialit\u00e9s culinaires pr\u00e9par\u00e9es par diff\u00e9rents membres du groupe, de quelques boissons (qui auront peut-\u00eatre aid\u00e9 \u00e0 lever les inhibitions pour la suite&#8230;) et d\u2019un atelier d\u2019\u00e9criture.<\/p>\n<p>Un atelier d\u2019\u00e9criture cr\u00e9ative, c\u2019est un dispositif qui permet d\u2019\u00e9crire en s\u2019amusant gr\u00e2ce \u00e0 l\u2019effet du groupe et \u00e0 diff\u00e9rents jeux propos\u00e9s par l\u2019animateur ou l\u2019animatrice.<\/p>\n<p>Concernant l\u2019effet de groupe, on l\u2019aura compris, je ne pouvais pas trouver mieux que cet \u00ab ensemble \u00bb qui me semble illustrer parfaitement la phrase du po\u00e8te Andr\u00e9 Breton.<\/p>\n<p>Concernant les jeux, le premier les a conduits \u00e0 prendre des \u00ab notes \u00bb inspir\u00e9es de notre randonn\u00e9e. Puis, les trois jeux suivants avaient pour objectif d\u2019\u00e9chauffer les voix et les plumes tout en accordant les musiciens entre eux. Une fois ces quelques gammes r\u00e9alis\u00e9es, un cinqui\u00e8me jeu leur a permis de trouver des accords \u00e0 partir des notes inscrites sur leur papier \u00e0 musique. Enfin, une proposition d\u2019\u00e9criture les a invit\u00e9s \u00e0 composer une m\u00e9lodie avec les accords pr\u00e9c\u00e9demment cr\u00e9\u00e9s.<\/p>\n<p>Apr\u00e8s avoir jou\u00e9 la partition envoy\u00e9e par Claude, les musiciens se sont r\u00e9v\u00e9l\u00e9s particuli\u00e8rement cr\u00e9atifs: chacun d\u2019eux a \u00e9crit une m\u00e9lodie originale, en deux temps trois mouvements !<\/p>\n<p>Ils les ont ensuite interpr\u00e9t\u00e9es d\u2019une mani\u00e8re tr\u00e8s vivante, sans oublier de s\u2019\u00e9couter les uns les autres comme le font les musiciens habitu\u00e9s \u00e0 jouer ensemble. \u00c0 cet instant, on aurait dit que l\u2019orchestre symphonique se transformait en un jazz band pr\u00eat \u00e0 improviser en plein milieu d\u2019un morceau \u00e9crit&#8230;<\/p>\n<p>Quelle joie de d\u00e9couvrir ces textes dr\u00f4les, po\u00e9tiques ou philosophiques, \u00e0 la fois tr\u00e8s diff\u00e9rents les uns des autres et tr\u00e8s connect\u00e9s les uns aux autres\u2026 comme leurs auteurs !<\/p>\n<p>Et quel privil\u00e8ge \u00a0\ud83d\ude09 de pouvoir assister \u00e0 un tel spectacle avec les d\u00f4mes de Miage et l\u2019Aiguille de Bionnassay pour d\u00e9cor !<\/p>\n<p>Enfin, pour cl\u00f4turer ce festival d\u2019humour et de po\u00e9sie, nous avons joyeusement d\u00e9val\u00e9 les pentes du Truc tout en imaginant de prochaines m\u00e9lodies du bonheur \u00e0 \u00e9crire et \u00e0 jouer ENSEMBLE.<\/p>\n<p>\ud83c\udfb5\u00ab Et comme \u00e7a on revient \u00e0 <b>DO<\/b>(mancy) \u00bb&#8230; <span style=\"font-family: Segoe UI Symbol, serif;\">\ud83c\udfb6<\/span><\/p>\n<p>Un grand merci \u00e0 tous pour cette belle journ\u00e9e qui a rendu possible mon projet \u00ab ascension et cr\u00e9ation \u00bb !<\/p>\n<p><a name=\"_GoBack\"><\/a>Et un merci particulier \u00e0 Claire et Fabien qui nous ont rassembl\u00e9s et qui nous donnent\u2026 la fureur de vivre !<\/p>\n<p>&nbsp;<\/p>\n<p>&#8211;<span style=\"font-size: 14pt;\"> <strong>Simone<\/strong><\/span> : Merci pour ce week-end et pour cette merveilleuse exp\u00e9rience avec Claire A bient\u00f4t !!<\/p>\n<p>&#8211; <strong><span style=\"font-size: 14pt;\">Claire<\/span> <\/strong>: Gr\u00e2ce \u00e0 des gens d\u00e9vou\u00e9s et qui ont \u00ab\u00a0la niaque\u00a0\u00bb, je passe des supers moments en montagne. Merci \u00e0 tous<\/p>\n<p><img decoding=\"async\" class=\"wp-image-501 aligncenter lazyload\" data-src=\"https:\/\/ensemblealhorizon.com\/wp-content\/uploads\/2021\/02\/IMG-20201017-WA0001-300x225.jpg\" alt=\"\" width=\"167\" height=\"125\" data-srcset=\"https:\/\/ensemblealhorizon.com\/wp-content\/uploads\/2021\/02\/IMG-20201017-WA0001-300x225.jpg 300w, https:\/\/ensemblealhorizon.com\/wp-content\/uploads\/2021\/02\/IMG-20201017-WA0001-1024x768.jpg 1024w, https:\/\/ensemblealhorizon.com\/wp-content\/uploads\/2021\/02\/IMG-20201017-WA0001-768x576.jpg 768w, https:\/\/ensemblealhorizon.com\/wp-content\/uploads\/2021\/02\/IMG-20201017-WA0001-1536x1152.jpg 1536w, https:\/\/ensemblealhorizon.com\/wp-content\/uploads\/2021\/02\/IMG-20201017-WA0001-1320x990.jpg 1320w, https:\/\/ensemblealhorizon.com\/wp-content\/uploads\/2021\/02\/IMG-20201017-WA0001.jpg 1600w\" data-sizes=\"(max-width: 167px) 100vw, 167px\" src=\"data:image\/svg+xml;base64,PHN2ZyB3aWR0aD0iMSIgaGVpZ2h0PSIxIiB4bWxucz0iaHR0cDovL3d3dy53My5vcmcvMjAwMC9zdmciPjwvc3ZnPg==\" style=\"--smush-placeholder-width: 167px; --smush-placeholder-aspect-ratio: 167\/125;\" \/><\/p>\n<p>&#8211; <span style=\"font-size: 14pt;\"><strong>Corinne<\/strong><\/span> : Exp\u00e9rience ski de fond et snowelette, concluante&#8230; Donc \u00e0 refaire !\u00a0 \u00a0 \u00a0 \u00a0 \u00a0 \u00a0 Heureusement que tu avais ton casque, Claire !<\/p>\n<p>&#8211; <span style=\"font-size: 14pt;\"><strong>Claire<\/strong><\/span> : Je m&rsquo;\u00e9clate tant \u00a0sur terre \u00a0que dans l&rsquo;air ! Pendant ces sorties, gr\u00e2ce \u00e0 des gens sympas et qui pensent aux autres, j&rsquo;oublie que je suis handicap\u00e9e. \u00ab\u00a0Ensemble\u00a0\u00bb, c&rsquo;est la meilleure th\u00e9rapie ! MERCI<\/p>\n<p><img decoding=\"async\" class=\"wp-image-502 alignright lazyload\" data-src=\"https:\/\/ensemblealhorizon.com\/wp-content\/uploads\/2021\/02\/IMG-20201017-WA0002-300x225.jpg\" alt=\"\" width=\"181\" height=\"136\" data-srcset=\"https:\/\/ensemblealhorizon.com\/wp-content\/uploads\/2021\/02\/IMG-20201017-WA0002-300x225.jpg 300w, https:\/\/ensemblealhorizon.com\/wp-content\/uploads\/2021\/02\/IMG-20201017-WA0002-1024x768.jpg 1024w, https:\/\/ensemblealhorizon.com\/wp-content\/uploads\/2021\/02\/IMG-20201017-WA0002-768x576.jpg 768w, https:\/\/ensemblealhorizon.com\/wp-content\/uploads\/2021\/02\/IMG-20201017-WA0002-1536x1152.jpg 1536w, https:\/\/ensemblealhorizon.com\/wp-content\/uploads\/2021\/02\/IMG-20201017-WA0002-1320x990.jpg 1320w, https:\/\/ensemblealhorizon.com\/wp-content\/uploads\/2021\/02\/IMG-20201017-WA0002.jpg 1600w\" data-sizes=\"(max-width: 181px) 100vw, 181px\" src=\"data:image\/svg+xml;base64,PHN2ZyB3aWR0aD0iMSIgaGVpZ2h0PSIxIiB4bWxucz0iaHR0cDovL3d3dy53My5vcmcvMjAwMC9zdmciPjwvc3ZnPg==\" style=\"--smush-placeholder-width: 181px; --smush-placeholder-aspect-ratio: 181\/136;\" \/><\/p>\n<p>&#8211; <strong><span style=\"font-size: 14pt;\">Nico<\/span><\/strong> :Ensemble, on se marre bien<\/p>\n<p>&#8211; <span style=\"font-size: 14pt;\"><strong>Claire<\/strong><\/span> : La rencontre avec \u00a0l&rsquo;association \u00a0\u00bb Ensemble \u00a0\u00bb fut une r\u00e9v\u00e9lation pour moi. Ces gens qui d\u00e9pensent sans compter permettent de rendre possible ce qui para\u00eet impossible. ENCORE MERCI A TOUS<\/p>\n<p>&#8211; <strong><span style=\"font-size: 14pt;\">Nico<\/span> <\/strong>: Un nouvel an m\u00e9morable ! Petite asso devient grande. De plus en plus de choses au programme, de plus en plus \u00a0de gens, du matos \u00a0qui permet de faire des projets de plus en plus fous&#8230; Que du bonheur !<\/p>\n<p><img decoding=\"async\" class=\"wp-image-505 alignleft lazyload\" data-src=\"https:\/\/ensemblealhorizon.com\/wp-content\/uploads\/2021\/02\/P1120526-1-300x225.jpg\" alt=\"\" width=\"231\" height=\"173\" data-srcset=\"https:\/\/ensemblealhorizon.com\/wp-content\/uploads\/2021\/02\/P1120526-1-300x225.jpg 300w, https:\/\/ensemblealhorizon.com\/wp-content\/uploads\/2021\/02\/P1120526-1-1024x768.jpg 1024w, https:\/\/ensemblealhorizon.com\/wp-content\/uploads\/2021\/02\/P1120526-1-768x576.jpg 768w, https:\/\/ensemblealhorizon.com\/wp-content\/uploads\/2021\/02\/P1120526-1-1536x1152.jpg 1536w, https:\/\/ensemblealhorizon.com\/wp-content\/uploads\/2021\/02\/P1120526-1-1320x990.jpg 1320w, https:\/\/ensemblealhorizon.com\/wp-content\/uploads\/2021\/02\/P1120526-1.jpg 2048w\" data-sizes=\"(max-width: 231px) 100vw, 231px\" src=\"data:image\/svg+xml;base64,PHN2ZyB3aWR0aD0iMSIgaGVpZ2h0PSIxIiB4bWxucz0iaHR0cDovL3d3dy53My5vcmcvMjAwMC9zdmciPjwvc3ZnPg==\" style=\"--smush-placeholder-width: 231px; --smush-placeholder-aspect-ratio: 231\/173;\" \/><\/p>\n<p>&nbsp;<\/p>\n<p>&#8211; <span style=\"font-size: 14pt;\"><strong>Maud<\/strong><\/span> ; M\u00eame si la lune se cachait et le\u00a0 froid \u00e9tait bien l\u00e0, votre gentillesse et vos sourires m&rsquo;ont vraiment r\u00e9chauff\u00e9 le c\u0153ur! Merci pour ces nombreux moments de bonheur<\/p>\n","protected":false},"excerpt":{"rendered":"<p>TEMOIGNAGES Elise : ASCENSION ET CREATION avec ENSEMBLE Elise ASCENSION ET CREATION avec ENSEMBLE \u00ab La po\u00e9sie est ascension furieuse \u00bb Ren\u00e9 Char, Fureur et myst\u00e8re Rendre la montagne accessible \u00e0 tous : voil\u00e0 un objectif que je partage avec &hellip; <a href=\"https:\/\/ensemblealhorizon.com\/index.php\/temoinages\/\">Continuer la lecture <span class=\"meta-nav\">&rarr;<\/span><\/a><\/p>\n","protected":false},"author":1,"featured_media":0,"parent":0,"menu_order":0,"comment_status":"closed","ping_status":"closed","template":"","meta":{"footnotes":""},"class_list":["post-23","page","type-page","status-publish","hentry"],"jetpack_sharing_enabled":true,"_links":{"self":[{"href":"https:\/\/ensemblealhorizon.com\/index.php\/wp-json\/wp\/v2\/pages\/23","targetHints":{"allow":["GET"]}}],"collection":[{"href":"https:\/\/ensemblealhorizon.com\/index.php\/wp-json\/wp\/v2\/pages"}],"about":[{"href":"https:\/\/ensemblealhorizon.com\/index.php\/wp-json\/wp\/v2\/types\/page"}],"author":[{"embeddable":true,"href":"https:\/\/ensemblealhorizon.com\/index.php\/wp-json\/wp\/v2\/users\/1"}],"replies":[{"embeddable":true,"href":"https:\/\/ensemblealhorizon.com\/index.php\/wp-json\/wp\/v2\/comments?post=23"}],"version-history":[{"count":10,"href":"https:\/\/ensemblealhorizon.com\/index.php\/wp-json\/wp\/v2\/pages\/23\/revisions"}],"predecessor-version":[{"id":2645,"href":"https:\/\/ensemblealhorizon.com\/index.php\/wp-json\/wp\/v2\/pages\/23\/revisions\/2645"}],"wp:attachment":[{"href":"https:\/\/ensemblealhorizon.com\/index.php\/wp-json\/wp\/v2\/media?parent=23"}],"curies":[{"name":"wp","href":"https:\/\/api.w.org\/{rel}","templated":true}]}}