{"id":4650,"date":"2025-11-27T10:20:32","date_gmt":"2025-11-27T09:20:32","guid":{"rendered":"https:\/\/ensemblealhorizon.com\/?page_id=4650"},"modified":"2025-11-27T11:35:19","modified_gmt":"2025-11-27T10:35:19","slug":"adherer","status":"publish","type":"page","link":"https:\/\/ensemblealhorizon.com\/index.php\/adherer\/","title":{"rendered":"Adh\u00e9sion \u00abENSEMBLE 2026\u00bb"},"content":{"rendered":"<p><span style=\"font-family: georgia, palatino, serif;\">L&rsquo;adh\u00e9sion est obligatoire pour participer aux sorties et pour \u00eatre inform\u00e9 des diff\u00e9rentes<\/span><br \/>\n<span style=\"font-family: georgia, palatino, serif;\">r\u00e9unions ou projets. Elle comprend \u00e9galement une assurance responsabilit\u00e9 civile pour nos sorties.<\/span><\/p>\n<p><strong><span style=\"color: #339966;\">Pour des raisons de simplicit\u00e9, efficacit\u00e9 et \u00e9cologique, merci de favoriser l&rsquo;adh\u00e9sion via HelloAsso. Cliquez sur le lien suivant pour adh\u00e9rer:<\/span><\/strong><\/p>\n<p><iframe id=\"haWidget\" style=\"width: 100%; height: 70px; border: none;\" data-src=\"https:\/\/www.helloasso.com\/associations\/ensemble\/adhesions\/adhesions-2026\/widget-bouton\" data-mce-fragment=\"1\" src=\"data:image\/svg+xml;base64,PHN2ZyB3aWR0aD0iMSIgaGVpZ2h0PSIxIiB4bWxucz0iaHR0cDovL3d3dy53My5vcmcvMjAwMC9zdmciPjwvc3ZnPg==\" class=\"lazyload\" data-load-mode=\"1\"><\/iframe><\/p>\n<p>Vous pouvez \u00e9galement flasher ce QR code depuis votre smartphone pour adh\u00e9rer:<br \/>\n<img decoding=\"async\" class=\"size-medium wp-image-4242 aligncenter lazyload\" data-src=\"https:\/\/ensemblealhorizon.com\/wp-content\/uploads\/2025\/11\/qrcode_Ensemble_Adhesion_2026.png\" alt=\"\" width=\"300\" height=\"300\" src=\"data:image\/svg+xml;base64,PHN2ZyB3aWR0aD0iMSIgaGVpZ2h0PSIxIiB4bWxucz0iaHR0cDovL3d3dy53My5vcmcvMjAwMC9zdmciPjwvc3ZnPg==\" style=\"--smush-placeholder-width: 300px; --smush-placeholder-aspect-ratio: 300\/300;\" \/><\/p>\n<p><em>Si vous pr\u00e9f\u00e9rez adh\u00e9rer via le formulaire papier, cliquez sur le lien suivant pour le r\u00e9cup\u00e9rer, l&rsquo;imprimer et le renvoyer:<\/em><br \/>\n<a href=\"https:\/\/ensemblealhorizon.com\/wp-content\/uploads\/2025\/11\/Bulletin-Adhesion-Ensemble-2026.pdf\">Bulletin d&rsquo;adh\u00e9sion Ensemble &#8211; 2026<\/a><\/p>\n","protected":false},"excerpt":{"rendered":"<p>L&rsquo;adh\u00e9sion est obligatoire pour participer aux sorties et pour \u00eatre inform\u00e9 des diff\u00e9rentes r\u00e9unions ou projets. Elle comprend \u00e9galement une assurance responsabilit\u00e9 civile pour nos sorties. Pour des raisons de simplicit\u00e9, efficacit\u00e9 et \u00e9cologique, merci de favoriser l&rsquo;adh\u00e9sion via HelloAsso. &hellip; <a href=\"https:\/\/ensemblealhorizon.com\/index.php\/adherer\/\">Continuer la lecture <span class=\"meta-nav\">&rarr;<\/span><\/a><\/p>\n","protected":false},"author":72,"featured_media":0,"parent":0,"menu_order":0,"comment_status":"closed","ping_status":"closed","template":"","meta":{"footnotes":""},"class_list":["post-4650","page","type-page","status-publish","hentry"],"jetpack_sharing_enabled":true,"_links":{"self":[{"href":"https:\/\/ensemblealhorizon.com\/index.php\/wp-json\/wp\/v2\/pages\/4650","targetHints":{"allow":["GET"]}}],"collection":[{"href":"https:\/\/ensemblealhorizon.com\/index.php\/wp-json\/wp\/v2\/pages"}],"about":[{"href":"https:\/\/ensemblealhorizon.com\/index.php\/wp-json\/wp\/v2\/types\/page"}],"author":[{"embeddable":true,"href":"https:\/\/ensemblealhorizon.com\/index.php\/wp-json\/wp\/v2\/users\/72"}],"replies":[{"embeddable":true,"href":"https:\/\/ensemblealhorizon.com\/index.php\/wp-json\/wp\/v2\/comments?post=4650"}],"version-history":[{"count":10,"href":"https:\/\/ensemblealhorizon.com\/index.php\/wp-json\/wp\/v2\/pages\/4650\/revisions"}],"predecessor-version":[{"id":4665,"href":"https:\/\/ensemblealhorizon.com\/index.php\/wp-json\/wp\/v2\/pages\/4650\/revisions\/4665"}],"wp:attachment":[{"href":"https:\/\/ensemblealhorizon.com\/index.php\/wp-json\/wp\/v2\/media?parent=4650"}],"curies":[{"name":"wp","href":"https:\/\/api.w.org\/{rel}","templated":true}]}}