{"id":4975,"date":"2026-04-20T18:01:53","date_gmt":"2026-04-20T16:01:53","guid":{"rendered":"https:\/\/ensemblealhorizon.com\/?page_id=4975"},"modified":"2026-04-20T19:43:07","modified_gmt":"2026-04-20T17:43:07","slug":"ecosse-2026","status":"publish","type":"page","link":"https:\/\/ensemblealhorizon.com\/index.php\/ecosse-2026\/","title":{"rendered":"ECOSSE 2026"},"content":{"rendered":"<h1 class=\"CampaignHeader--Title\" style=\"text-align: center;\" data-testid=\"title\">ENSEMBLE DANS LES MONTAGNES ECOSSAISES : LA WEST HIGHLAND WAY<\/h1>\n<h1 class=\"CampaignHeader--Title\" style=\"text-align: center;\" data-testid=\"title\"><span style=\"color: #008000;\">Pour soutenir ce projet cliquez<\/span> <a style=\"font-size: 18pt; text-align: center;\" href=\"https:\/\/www.helloasso.com\/associations\/ensemble\/collectes\/ensemble-dans-les-montagnes-ecossaise-la-west-highland-way#tickets\">ICI<\/a><\/h1>\n<h1 class=\"CampaignHeader--Title\" style=\"text-align: center;\" data-testid=\"title\"><span style=\"font-size: 14pt;\"><strong>du 25\/09\/2026 au 02\/10\/2026 <\/strong><\/span><\/h1>\n<h1 class=\"CampaignHeader--Title\" style=\"text-align: center;\" data-testid=\"title\"><span style=\"font-size: 14pt;\">Valides et porteurs de handicaps partageront une aventure humaine dans les montagnes Ecossaises avec \u00ab\u00a0ENSEMBLE\u00a0\u00bb\u00a0<\/span><\/h1>\n<div class=\"CampaignHeader Card\" data-testid=\"campaign-header\" data-v-dd81f68c=\"\">\n<div class=\"collapse-control\"><\/div>\n<\/div>\n<div class=\"CampaignPresentation Card isInvertedDescription\" data-testid=\"campaign-presentation\" data-v-dd81f68c=\"\">\n<div class=\"GeneratedContentWrapper\">\n<div class=\"'GeneratedContent\">\n<figure class=\"image\"><img decoding=\"async\" data-src=\"https:\/\/cdn.helloasso.com\/img\/photos\/jour%202%20debroussaillage%20termine%20on%20peut%20passer-76dc0b9cd3144f589f8f02df1f5dfcf0.jpeg\" src=\"data:image\/svg+xml;base64,PHN2ZyB3aWR0aD0iMSIgaGVpZ2h0PSIxIiB4bWxucz0iaHR0cDovL3d3dy53My5vcmcvMjAwMC9zdmciPjwvc3ZnPg==\" class=\"lazyload\" \/><\/figure>\n<p>Depuis plus de quinze ans, notre association crapahute de sommets en vall\u00e9es, en France et bien au-del\u00e0, toujours guid\u00e9e par l\u2019envie d\u2019aventure et de partage.<\/p>\n<figure class=\"image\"><img decoding=\"async\" data-src=\"https:\/\/cdn.helloasso.com\/img\/photos\/677e7941c67f6-sd-fae881ce346b4b3d9904c25d9b6031bd.jpg\" src=\"data:image\/svg+xml;base64,PHN2ZyB3aWR0aD0iMSIgaGVpZ2h0PSIxIiB4bWxucz0iaHR0cDovL3d3dy53My5vcmcvMjAwMC9zdmciPjwvc3ZnPg==\" class=\"lazyload\" \/><\/figure>\n<p>Cette fois, cap au nord : direction\u00a0<strong>les Highlands d\u2019\u00c9cosse<\/strong>, leurs paysages sauvages\u2026 et leurs l\u00e9gendes.<strong>\u00a0Pendant neuf jours d\u2019itin\u00e9rance<\/strong>, nous relierons nos montagnes \u00e0 celles d\u2019\u00c9cosse, au fil d\u2019un voyage tout en douceur : train, bateau et bien s\u00fbr la\u00a0<strong>fid\u00e8le jo\u00eblette<\/strong>\u00a0seront de la partie.<\/p>\n<figure class=\"image\"><img decoding=\"async\" data-src=\"https:\/\/cdn.helloasso.com\/img\/photos\/pl1_le-trek-de-la-west-highland-way-2714d1b9d23e4c66a827a086692fd31e.jpeg\" src=\"data:image\/svg+xml;base64,PHN2ZyB3aWR0aD0iMSIgaGVpZ2h0PSIxIiB4bWxucz0iaHR0cDovL3d3dy53My5vcmcvMjAwMC9zdmciPjwvc3ZnPg==\" class=\"lazyload\" \/><\/figure>\n<p>Une grande premi\u00e8re pour l\u2019association, o\u00f9\u00a0<strong>l\u2019aventure se vivra sans moteur<\/strong>\u00a0(ou presque), mais avec beaucoup d\u2019\u00e9nergie collective. Parce que m\u00eame les plus belles terres ont leurs petites cr\u00e9atures redoutables, nous avons choisi la p\u00e9riode id\u00e9ale :\u00a0<strong>fin septembre \u2013 d\u00e9but octobre 2026<\/strong>, quand les couleurs d\u2019automne embrasent les paysages et que les midges ont d\u00e9cid\u00e9 de prendre des vacances.<\/p>\n<div class=\"GeneratedContentWrapper\">\n<h3><span style=\"color: #ff6600;\">Description des postes de d\u00e9penses<\/span><\/h3>\n<div class=\"GeneratedContent\">\n<p><strong>Soutenez notre projet \u00e0 votre mani\u00e8re :<\/strong><\/p>\n<p>L&rsquo;importante contribution financi\u00e8re de chaque participant b\u00e9n\u00e9vole\u00a0ne suffit pas \u00e0 couvrir l\u2019ensemble des frais engag\u00e9s. Il est n\u00e9cessaire de trouver des ressources suppl\u00e9mentaires en\u00a0<strong>m\u00e9c\u00e9nat\u00a0<\/strong>ou\u00a0<strong>dons et actions solidaires<\/strong>\u00a0.<\/p>\n<figure class=\"image\"><img decoding=\"async\" data-src=\"https:\/\/cdn.helloasso.com\/img\/photos\/image-e9f0458d2fad4b30a545ee2ba5ddb616.png\" src=\"data:image\/svg+xml;base64,PHN2ZyB3aWR0aD0iMSIgaGVpZ2h0PSIxIiB4bWxucz0iaHR0cDovL3d3dy53My5vcmcvMjAwMC9zdmciPjwvc3ZnPg==\" class=\"lazyload\" \/><\/figure>\n<figure class=\"image\"><img decoding=\"async\" data-src=\"https:\/\/cdn.helloasso.com\/img\/photos\/image-9fe7040bcbd744d4936010a89b594069.png\" src=\"data:image\/svg+xml;base64,PHN2ZyB3aWR0aD0iMSIgaGVpZ2h0PSIxIiB4bWxucz0iaHR0cDovL3d3dy53My5vcmcvMjAwMC9zdmciPjwvc3ZnPg==\" class=\"lazyload\" \/><\/figure>\n<p>Partenaires financiers : qui nous permettraient de financer tout ou partie du budget, train, bateau, h\u00e9bergement, mat\u00e9riel, nourriture.<\/p>\n<ul>\n<li>Dons et m\u00e9c\u00e9nats : l\u2019association \u00ab Ensemble \u00bb \u00e9tant reconnue d\u2019int\u00e9r\u00eat g\u00e9n\u00e9ral, vos dons ouvrent droit \u00e0 une r\u00e9duction d\u2019imp\u00f4t ( 66% pour les particuliers, 60% pour les entreprises )<\/li>\n<li>Partenariat mat\u00e9riel : tente mess, location t\u00e9l\u00e9phone satellite, petit mat\u00e9riel.<\/li>\n<li>Assurances.<\/li>\n<li>Partenariat en nature : transport, alimentation, impression de documents.<\/li>\n<\/ul>\n<\/div>\n<\/div>\n<div class=\"GeneratedContentWrapper\">\n<h3><span style=\"color: #ff6600;\">B\u00e9n\u00e9ficiaires finaux de la collecte<\/span><\/h3>\n<div class=\"GeneratedContent\">\n<p><strong>Participez \u00e0 l\u2019aventure Ensemble !<\/strong><\/p>\n<p>Pour la joie de tous et principalement, des personnes, qui, sans la solidarit\u00e9 et l\u2019envie de partage, ne pourraient pas acc\u00e9der \u00e0 ces milieux sauvages.<\/p>\n<p>Le groupe est\u00a0 constitu\u00e9 de 19 adh\u00e9rents venant de plusieurs r\u00e9gions de France.<\/p>\n<ul>\n<li>3 Personnes \u00e0 Mobilit\u00e9 R\u00e9duite<\/li>\n<li>14 Accompagnateurs b\u00e9n\u00e9voles<\/li>\n<li>2 convoyeurs b\u00e9n\u00e9voles en minibus pour acheminer tous les \u00e9quipements sur place et nous suivre avec le mat\u00e9riel de bivouac.<\/li>\n<\/ul>\n<p><span style=\"color: #008080;\">Chaque participant est impliqu\u00e9<\/span><\/p>\n<ul>\n<li>Avant : pour la recherche de financements, r\u00e9servation des trains, des h\u00e9bergements ainsi que la pr\u00e9paration du mat\u00e9riel.<\/li>\n<li>Pendant : pour le pilotage des jo\u00eblettes sur les sentiers, l\u2019aide \u00e0 la personne, la participation aux t\u00e2ches du camp&#8230; et la tenue d\u2019un journal de bord pour partager en temps r\u00e9el notre itin\u00e9rance.<\/li>\n<li>Apr\u00e8s : pour partager notre exp\u00e9rience avec le plus grand nombre avec les sponsors qui le souhaitent, au moyen d\u2019un diaporama ou d\u2019un film.<\/li>\n<\/ul>\n<\/div>\n<\/div>\n<div class=\"GeneratedContentWrapper\">\n<h3><span style=\"color: #ff6600;\">Porteurs du projet<\/span><\/h3>\n<div class=\"GeneratedContent\">\n<p>Avec la jo\u00eblette, ENSEMBLE permet \u00e0 des Personnes \u00e0 Mobilit\u00e9 R\u00e9duite et \u00e0 des randonneurs valides de\u00a0partager des s\u00e9jours de randonn\u00e9e en montagne.\u00a0<strong>Cr\u00e9\u00e9e en 2009, l\u2019association compte aujourd\u2019hui une centaine d\u2019adh\u00e9rents ou sympathisants.<\/strong><\/p>\n<p>ENSEMBLE s&rsquo;adresse\u00a0aux personnes \u00e0 mobilit\u00e9 r\u00e9duite, porteuses de handicaps mentaux et\/ou physiques, aux personnes en convalescence ou diminu\u00e9es par la maladie ou l\u2019accident, ou tout autre public d\u00e9sireux de d\u00e9couvrir l\u2019univers de la montagne et d\u00e9sirant partager le plaisir de randonner.<\/p>\n<p style=\"text-align: center;\"><strong>L\u2019objectif est de partager les joies de la montagne entre valides et non valides ENSEMBLE<\/strong><\/p>\n<\/div>\n<\/div>\n<h1 class=\"CampaignHeader--Title\" style=\"text-align: center;\" data-testid=\"title\"><span style=\"color: #008000;\">Pour soutenir ce projet cliquez<\/span> <a style=\"font-size: 18pt; text-align: center;\" href=\"https:\/\/www.helloasso.com\/associations\/ensemble\/collectes\/ensemble-dans-les-montagnes-ecossaise-la-west-highland-way#tickets\">ICI<\/a><\/h1>\n<\/div>\n<\/div>\n<\/div>\n","protected":false},"excerpt":{"rendered":"<p>ENSEMBLE DANS LES MONTAGNES ECOSSAISES : LA WEST HIGHLAND WAY Pour soutenir ce projet cliquez ICI du 25\/09\/2026 au 02\/10\/2026 Valides et porteurs de handicaps partageront une aventure humaine dans les montagnes Ecossaises avec \u00ab\u00a0ENSEMBLE\u00a0\u00bb\u00a0 Depuis plus de quinze ans, &hellip; <a href=\"https:\/\/ensemblealhorizon.com\/index.php\/ecosse-2026\/\">Continuer la lecture <span class=\"meta-nav\">&rarr;<\/span><\/a><\/p>\n","protected":false},"author":72,"featured_media":0,"parent":0,"menu_order":0,"comment_status":"closed","ping_status":"closed","template":"","meta":{"footnotes":""},"class_list":["post-4975","page","type-page","status-publish","hentry"],"jetpack_sharing_enabled":true,"_links":{"self":[{"href":"https:\/\/ensemblealhorizon.com\/index.php\/wp-json\/wp\/v2\/pages\/4975","targetHints":{"allow":["GET"]}}],"collection":[{"href":"https:\/\/ensemblealhorizon.com\/index.php\/wp-json\/wp\/v2\/pages"}],"about":[{"href":"https:\/\/ensemblealhorizon.com\/index.php\/wp-json\/wp\/v2\/types\/page"}],"author":[{"embeddable":true,"href":"https:\/\/ensemblealhorizon.com\/index.php\/wp-json\/wp\/v2\/users\/72"}],"replies":[{"embeddable":true,"href":"https:\/\/ensemblealhorizon.com\/index.php\/wp-json\/wp\/v2\/comments?post=4975"}],"version-history":[{"count":14,"href":"https:\/\/ensemblealhorizon.com\/index.php\/wp-json\/wp\/v2\/pages\/4975\/revisions"}],"predecessor-version":[{"id":4991,"href":"https:\/\/ensemblealhorizon.com\/index.php\/wp-json\/wp\/v2\/pages\/4975\/revisions\/4991"}],"wp:attachment":[{"href":"https:\/\/ensemblealhorizon.com\/index.php\/wp-json\/wp\/v2\/media?parent=4975"}],"curies":[{"name":"wp","href":"https:\/\/api.w.org\/{rel}","templated":true}]}}