{"id":824,"date":"2021-04-03T16:36:38","date_gmt":"2021-04-03T14:36:38","guid":{"rendered":"https:\/\/ensemblealhorizon.com\/?page_id=824"},"modified":"2026-01-20T20:09:01","modified_gmt":"2026-01-20T19:09:01","slug":"collegiale","status":"publish","type":"page","link":"https:\/\/ensemblealhorizon.com\/index.php\/collegiale\/","title":{"rendered":"BUREAU ASSOCIATION \u00ab COLLEGIALE ENSEMBLE \u00bb"},"content":{"rendered":"<p><span style=\"font-size: 12pt;\"><strong>LES MEMBRES DE LA COLLEGIALE<\/strong><\/span><\/p>\n<div style=\"width: 202px\" class=\"wp-caption alignright\"><img decoding=\"async\" data-src=\"https:\/\/ensemblealhorizon.com\/wp-content\/uploads\/2024\/01\/Valentin.jpg\" alt=\"\" width=\"192\" height=\"272\" src=\"data:image\/svg+xml;base64,PHN2ZyB3aWR0aD0iMSIgaGVpZ2h0PSIxIiB4bWxucz0iaHR0cDovL3d3dy53My5vcmcvMjAwMC9zdmciPjwvc3ZnPg==\" class=\"lazyload\" style=\"--smush-placeholder-width: 192px; --smush-placeholder-aspect-ratio: 192\/272;\" \/><p class=\"wp-caption-text\">Valentin Coyard<\/p><\/div>\n<div style=\"width: 197px\" class=\"wp-caption alignnone\"><img decoding=\"async\" data-src=\"https:\/\/ensemblealhorizon.com\/wp-content\/uploads\/2024\/01\/Martine.jpg\" alt=\"\" width=\"187\" height=\"265\" src=\"data:image\/svg+xml;base64,PHN2ZyB3aWR0aD0iMSIgaGVpZ2h0PSIxIiB4bWxucz0iaHR0cDovL3d3dy53My5vcmcvMjAwMC9zdmciPjwvc3ZnPg==\" class=\"lazyload\" style=\"--smush-placeholder-width: 187px; --smush-placeholder-aspect-ratio: 187\/265;\" \/><p class=\"wp-caption-text\">Martine Brondel<\/p><\/div>\n<div style=\"width: 207px\" class=\"wp-caption aligncenter\"><img decoding=\"async\" data-src=\"https:\/\/ensemblealhorizon.com\/wp-content\/uploads\/2024\/01\/Clarisse.jpg\" alt=\"\" width=\"197\" height=\"280\" src=\"data:image\/svg+xml;base64,PHN2ZyB3aWR0aD0iMSIgaGVpZ2h0PSIxIiB4bWxucz0iaHR0cDovL3d3dy53My5vcmcvMjAwMC9zdmciPjwvc3ZnPg==\" class=\"lazyload\" style=\"--smush-placeholder-width: 197px; --smush-placeholder-aspect-ratio: 197\/280;\" \/><p class=\"wp-caption-text\">Clarisse Cros<\/p><\/div>\n<p>&nbsp;<\/p>\n<div id=\"attachment_4703\" style=\"width: 237px\" class=\"wp-caption aligncenter\"><img decoding=\"async\" aria-describedby=\"caption-attachment-4703\" class=\"wp-image-4703 size-medium lazyload\" data-src=\"https:\/\/ensemblealhorizon.com\/wp-content\/uploads\/2026\/01\/portrait-en-action-Val-227x300.jpg\" alt=\"\" width=\"227\" height=\"300\" data-srcset=\"https:\/\/ensemblealhorizon.com\/wp-content\/uploads\/2026\/01\/portrait-en-action-Val-227x300.jpg 227w, https:\/\/ensemblealhorizon.com\/wp-content\/uploads\/2026\/01\/portrait-en-action-Val.jpg 737w\" data-sizes=\"(max-width: 227px) 100vw, 227px\" src=\"data:image\/svg+xml;base64,PHN2ZyB3aWR0aD0iMSIgaGVpZ2h0PSIxIiB4bWxucz0iaHR0cDovL3d3dy53My5vcmcvMjAwMC9zdmciPjwvc3ZnPg==\" style=\"--smush-placeholder-width: 227px; --smush-placeholder-aspect-ratio: 227\/300;\" \/><p id=\"caption-attachment-4703\" class=\"wp-caption-text\">Valerie Girald\u00e9 Mosset<\/p><\/div>\n<div id=\"attachment_4308\" style=\"width: 209px\" class=\"wp-caption alignright\"><img decoding=\"async\" aria-describedby=\"caption-attachment-4308\" class=\"wp-image-4308 lazyload\" data-src=\"https:\/\/ensemblealhorizon.com\/wp-content\/uploads\/2025\/01\/J1-Nikkaluokta-118-298x300.jpg\" alt=\"\" width=\"199\" height=\"200\" data-srcset=\"https:\/\/ensemblealhorizon.com\/wp-content\/uploads\/2025\/01\/J1-Nikkaluokta-118-298x300.jpg 298w, https:\/\/ensemblealhorizon.com\/wp-content\/uploads\/2025\/01\/J1-Nikkaluokta-118-150x150.jpg 150w, https:\/\/ensemblealhorizon.com\/wp-content\/uploads\/2025\/01\/J1-Nikkaluokta-118-144x144.jpg 144w, https:\/\/ensemblealhorizon.com\/wp-content\/uploads\/2025\/01\/J1-Nikkaluokta-118.jpg 764w\" data-sizes=\"(max-width: 199px) 100vw, 199px\" src=\"data:image\/svg+xml;base64,PHN2ZyB3aWR0aD0iMSIgaGVpZ2h0PSIxIiB4bWxucz0iaHR0cDovL3d3dy53My5vcmcvMjAwMC9zdmciPjwvc3ZnPg==\" style=\"--smush-placeholder-width: 199px; --smush-placeholder-aspect-ratio: 199\/200;\" \/><p id=\"caption-attachment-4308\" class=\"wp-caption-text\">Eric Mangeat<\/p><\/div>\n<div id=\"attachment_4307\" style=\"width: 211px\" class=\"wp-caption alignleft\"><img decoding=\"async\" aria-describedby=\"caption-attachment-4307\" class=\"wp-image-4307 lazyload\" data-src=\"https:\/\/ensemblealhorizon.com\/wp-content\/uploads\/2025\/01\/IMG_20250116_183743_HDR-286x300.jpeg\" alt=\"\" width=\"201\" height=\"211\" data-srcset=\"https:\/\/ensemblealhorizon.com\/wp-content\/uploads\/2025\/01\/IMG_20250116_183743_HDR-286x300.jpeg 286w, https:\/\/ensemblealhorizon.com\/wp-content\/uploads\/2025\/01\/IMG_20250116_183743_HDR-977x1024.jpeg 977w, https:\/\/ensemblealhorizon.com\/wp-content\/uploads\/2025\/01\/IMG_20250116_183743_HDR-768x805.jpeg 768w, https:\/\/ensemblealhorizon.com\/wp-content\/uploads\/2025\/01\/IMG_20250116_183743_HDR-1466x1536.jpeg 1466w, https:\/\/ensemblealhorizon.com\/wp-content\/uploads\/2025\/01\/IMG_20250116_183743_HDR-1320x1383.jpeg 1320w, https:\/\/ensemblealhorizon.com\/wp-content\/uploads\/2025\/01\/IMG_20250116_183743_HDR.jpeg 1665w\" data-sizes=\"(max-width: 201px) 100vw, 201px\" src=\"data:image\/svg+xml;base64,PHN2ZyB3aWR0aD0iMSIgaGVpZ2h0PSIxIiB4bWxucz0iaHR0cDovL3d3dy53My5vcmcvMjAwMC9zdmciPjwvc3ZnPg==\" style=\"--smush-placeholder-width: 201px; --smush-placeholder-aspect-ratio: 201\/211;\" \/><p id=\"caption-attachment-4307\" class=\"wp-caption-text\">Martine Louison<\/p><\/div>\n<p>&nbsp;<\/p>\n<p>&nbsp;<\/p>\n<p>&nbsp;<\/p>\n<p>&nbsp;<\/p>\n<p>&nbsp;<\/p>\n<p>&nbsp;<\/p>\n<p style=\"text-align: left;\"><span style=\"font-size: 12pt; font-family: georgia, palatino, serif;\"><strong>ASSEMBLEE GENERALE 2025- 10 JANVIER 2026<\/strong><\/span><\/p>\n<p><a href=\"https:\/\/ensemblealhorizon.com\/wp-content\/uploads\/2026\/01\/PV-AGO-ENSEMBLE-2025-10-01-2026.pdf\" target=\"_blank\" rel=\"noopener\">Proc\u00e8s verbal &#8211; Assembl\u00e9e g\u00e9n\u00e9rale 2025<\/a><\/p>\n<p>ANNEXES<br \/>\n<a href=\"https:\/\/ensemblealhorizon.com\/wp-content\/uploads\/2026\/01\/Rapport-Moral-2025.pdf\" target=\"_blank\" rel=\"noopener\">AG 2025 &#8211; Rapport Moral<\/a><br \/>\n<a href=\"https:\/\/ensemblealhorizon.com\/wp-content\/uploads\/2026\/01\/Rapport-Financier-Exercice-2025.pdf\" target=\"_blank\" rel=\"noopener\">AG 2025 &#8211; Rapport Financier<\/a><br \/>\n<a href=\"https:\/\/ensemblealhorizon.com\/wp-content\/uploads\/2026\/01\/FEUILLE-EMARGEMENTS-AG-2025-ENSEMBLE-REMPLIE.pdf\" target=\"_blank\" rel=\"noopener\">AG 2025 &#8211; Feuilles \u00e9margements<\/a><\/p>\n<p><span style=\"font-size: 12pt;\"><strong>STATUTS DE L&rsquo;ASSOCIATION<\/strong><\/span><\/p>\n<p><u style=\"font-size: medium;\">Article 1<br \/>\n<\/u><span style=\"font-size: small;\"><span style=\"color: #333333;\"><span style=\"font-size: medium;\">L\u2019association dite \u00ab Ensemble \u00bb fond\u00e9e le 4 f\u00e9vrier 2009, \u00e0 pour objet la pratique des sports de montagne en rassemblant des personnes autour d\u2019une m\u00eame id\u00e9e : rendre la montagne accessible \u00e0 tous. Les publics concern\u00e9s sont : les personnes valides, \u00e0 mobilit\u00e9 r\u00e9duite, porteur de handicaps mentaux et\/ou physiques, les personnes en convalescence ou diminu\u00e9es par la maladie ou l\u2019accident ou tout public d\u00e9sireux de d\u00e9couvrir l\u2019univers de la montagne.<\/span><\/span><\/span><\/p>\n<p class=\"western\" lang=\"fr-FR\"><span style=\"font-size: small;\"><span style=\"font-size: medium;\"><u>Article 2<br \/>\n<\/u><\/span><\/span><span style=\"font-size: medium;\">Les moyens d\u2019action de l\u2019association sont : des sorties en montagne \u00e0 la journ\u00e9e, en s\u00e9jour, trek, voyage, exp\u00e9dition\u2026ainsi que l\u2019organisation de manifestations, f\u00eates, spectacles, animation, formation.<br \/>\n<\/span><span style=\"font-size: small;\"><span style=\"color: #333333;\"><span style=\"font-size: medium;\">L\u2019association s\u2019interdit toute discussion ou manifestation pr\u00e9sentant un caract\u00e8re politique ou confessionnel. Le groupement assure en son sein la libert\u00e9 d\u2019opinion et le respect des droits de la d\u00e9fense, s\u2019interdit toute discrimination ill\u00e9gale et veille \u00e0 l\u2019observation des r\u00e8gles d\u00e9ontologiques du sport. Il respecte les r\u00e8gles d\u2019encadrement, d\u2019hygi\u00e8ne et de s\u00e9curit\u00e9 applicables aux disciplines sportives pratiqu\u00e9es par les membres.<\/span><\/span><\/span><\/p>\n<p class=\"western\" lang=\"fr-FR\"><span style=\"font-size: small;\"><span style=\"font-size: medium;\"><u>Article 3<br \/>\n<\/u><\/span><\/span><span style=\"color: #333333;\">L\u2019association se compose de membres actifs ; sont consid\u00e9r\u00e9s comme telle les personnes qui se reconnaissent dans les objectifs des pr\u00e9sents statuts et contribuent \u00e0 leur r\u00e9alisation. La cotisation est fix\u00e9e chaque ann\u00e9e par l\u2019Assembl\u00e9e G\u00e9n\u00e9rale.<br \/>\n<\/span><span style=\"color: #333333;\">Le titre de membre d\u2019honneur peut \u00eatre d\u00e9cern\u00e9 par le comit\u00e9 de direction aux personnes physiques ou morales qui rendent ou qui ont rendu des services \u00e0 l\u2019association. Ce titre conf\u00e8re aux personnes le droit de faire partie de l\u2019association sans \u00eatre tenues de payer une cotisation annuelle.<\/span><\/p>\n<p lang=\"fr-FR\"><span style=\"text-decoration: underline;\">Article 4<br \/>\n<\/span>La qualit\u00e9 de membre se perd par :<br \/>\n&#8211; d\u00e9mission,<br \/>\n&#8211; d\u00e9c\u00e8s,<br \/>\n&#8211; radiation prononc\u00e9 par le comit\u00e9 de direction pour non paiement des cotisations ou motif grave. Le membre int\u00e9ress\u00e9 ayant \u00e9t\u00e9 invit\u00e9, par lettre recommand\u00e9e, \u00e0 fournir des explications. Il sera \u00e0 m\u00eame de pr\u00e9parer sa d\u00e9fense, de se faire<br \/>\naccompagner par la personne de son choix et pourra \u00e9ventuellement consulter les documents de l&rsquo;association concernant<br \/>\nson dossier.<\/p>\n<p class=\"western\" lang=\"fr-FR\"><span style=\"font-size: small;\"><span style=\"font-size: medium;\"><u>Article 5<br \/>\n<\/u><\/span><\/span><span style=\"font-size: medium;\">Le Comit\u00e9 de direction de l\u2019association est compos\u00e9 de <\/span><span style=\"font-size: medium;\"><b>4 membres au minimum<\/b><\/span><span style=\"font-size: medium;\"> et de 20 membres maxi Age minimum 16 ans.<\/span><\/p>\n<p class=\"western\" lang=\"fr-FR\"><span style=\"font-size: small;\"><span style=\"font-size: medium;\"><u>Article 6<br \/>\n<\/u><\/span><\/span><span style=\"font-size: medium;\">Organisation possible en coll\u00e9giale avec une personne qui coordonne par ann\u00e9e.<br \/>\n<\/span><span style=\"font-size: small;\"><span style=\"font-size: medium;\">Besoin d\u2019aidants en plus du comit\u00e9 de direction.<br \/>\n<\/span><\/span><span style=\"font-size: medium;\">Responsabilit\u00e9 partag\u00e9e par la coll\u00e9giale Responsabilit\u00e9 de la personne morale en tant qu\u2019Association<br \/>\n<\/span><span style=\"font-size: small;\"><span style=\"font-size: medium;\">Il y aura des commissions au sein de la coll\u00e9giale et en dehors<br \/>\n<\/span><\/span><span style=\"font-size: medium;\">Une fois par an aura lieu une AG<\/span><\/p>\n<p lang=\"fr-FR\"><span style=\"text-decoration: underline;\">Article 7<\/span><br \/>\nLe comit\u00e9 de direction se r\u00e9unit au moins une fois par trimestre et chaque fois qu&rsquo;il est convoqu\u00e9 par son Pr\u00e9sident ou sur demande du quart de ses membres.<br \/>\nLa pr\u00e9sence du tiers des membres du comit\u00e9 est n\u00e9cessaire pour la validit\u00e9 des d\u00e9lib\u00e9rations.<br \/>\nIl est tenu un proc\u00e8s verbal des s\u00e9ances, sign\u00e9 par le Pr\u00e9sident et le ou la secr\u00e9taire.<\/p>\n<p lang=\"fr-FR\"><span style=\"text-decoration: underline;\">Article 8<\/span><br \/>\nL&rsquo;Assembl\u00e9e G\u00e9n\u00e9rale de l&rsquo;association comprend tous les membres depuis 6 mois, de plus de 16 ans \u00e0 jour de leur cotisations.<br \/>\nElle se r\u00e9unit obligatoirement une fois par an, dans les 6 mois qui suivent la cl\u00f4ture de l&rsquo;exercice. En outre, elle se r\u00e9unit chaque fois qu&rsquo;elle est convoqu\u00e9e par le comit\u00e9 de direction ou sur demande du quart au moins de ses membres. Le d\u00e9lai de convocation est de 15 jours.<br \/>\nSon ordre du jour est r\u00e9gl\u00e9 par le comit\u00e9 de direction.<br \/>\nElle approuve les comptes de l&rsquo;exercice clos, vote le budget de l&rsquo;exercice suivant, d\u00e9lib\u00e8re sur les questions mises \u00e0 l&rsquo;ordre du jour. Elle pourvoit au renouvellement des membres du comit\u00e9 de direction dans les conditions fix\u00e9s par l&rsquo;article 6.<br \/>\nL&rsquo;Assembl\u00e9e G\u00e9n\u00e9rale fixe le prix du remboursement des frais de d\u00e9placement, de mission ou de repr\u00e9sentation effectu\u00e9s par les membres du comit\u00e9 de direction dans l&rsquo;exercice de leurs activit\u00e9s.<br \/>\nLes personnes r\u00e9tribu\u00e9es par l&rsquo;association peuvent \u00eatre admises \u00e0 assister, avec voix consultatives, aux s\u00e9ances de l&rsquo;Assembl\u00e9e G\u00e9n\u00e9rale.<\/p>\n<p lang=\"fr-FR\"><span style=\"text-decoration: underline;\">Article 9<\/span><br \/>\nLes d\u00e9lib\u00e9rations sont prises \u00e0 la majorit\u00e9 des voix des membres pr\u00e9sents et \u00e9ventuellement repr\u00e9sent\u00e9s \u00e0 l&rsquo;Assembl\u00e9e.<br \/>\nPour la validit\u00e9 des d\u00e9lib\u00e9rations, la pr\u00e9sence du quart des membres est n\u00e9cessaire. Si le quorum n&rsquo;est pas atteint, une deuxi\u00e8me\u00a0Assembl\u00e9e est convoqu\u00e9e sur le m\u00eame ordre du jour dans les 15 jours qui suivent. Celle-ci peut alors d\u00e9lib\u00e9rer quelque soit le nombre de participants.<\/p>\n<p lang=\"fr-FR\"><span style=\"text-decoration: underline;\">Article 10<\/span><br \/>\nIl est tenu une comptabilit\u00e9 compl\u00e8te de toutes les recettes et de toutes les d\u00e9penses (compte de r\u00e9sultat) et un \u00e9tat de l&rsquo;actif et du passif (bilan financier).<br \/>\nLe comit\u00e9 de direction doit adopter le budget pr\u00e9visionnel annuel avant le d\u00e9but de l&rsquo;exercice suivant.<br \/>\nTout contrat ou convention pass\u00e9 entre l&rsquo;association d&rsquo;une part et un administrateur, son conjoint, ou un proche d&rsquo;autre part, est soumis pour autorisation au comit\u00e9 de direction et pr\u00e9sent\u00e9 pour information \u00e0 la prochaine Assembl\u00e9e G\u00e9n\u00e9rale.<br \/>\nL&rsquo;association est repr\u00e9sent\u00e9e en justice et dans tous les actes de la vie civile par son Pr\u00e9sident(e) ou \u00e0 d\u00e9faut par tout autre membre du comit\u00e9 de direction sp\u00e9cialement habilit\u00e9 \u00e0 cet effet par le comit\u00e9.<\/p>\n<p lang=\"fr-FR\"><span style=\"text-decoration: underline;\">Article 11<\/span><br \/>\nLes statuts ne peuvent \u00eatre modifi\u00e9s que sur proposition du comit\u00e9 de direction ou du dixi\u00e8me des membres dont se compose l&rsquo;Assembl\u00e9e G\u00e9n\u00e9rale, soumise au bureau un mois \u00e0 l&rsquo;avance.<br \/>\nL&rsquo;Assembl\u00e9e G\u00e9n\u00e9rale extraordinaire doit se composer du tiers au moins des membres vis\u00e9s dans l&rsquo;article 9. Si cette proportion n&rsquo;est pas atteinte, l&rsquo;Assembl\u00e9e G\u00e9n\u00e9rale est convoqu\u00e9e de nouveau, mais \u00e0 6 jours d&rsquo;intervalle, elle peut alors d\u00e9lib\u00e9rer, quel que soit le nombre de membres pr\u00e9sents.<br \/>\nDans tous les cas, les statuts ne peuvent \u00eatre modifi\u00e9s qu&rsquo;\u00e0 la majorit\u00e9 des deux tiers des voix des membres pr\u00e9sents et \u00e9ventuellement repr\u00e9sent\u00e9s \u00e0 l&rsquo;Assembl\u00e9e.<\/p>\n<p lang=\"fr-FR\"><span style=\"text-decoration: underline;\">Article 12<\/span><br \/>\nL&rsquo;Assembl\u00e9e G\u00e9n\u00e9rale extraordinaire appel\u00e9e \u00e0 se prononcer sur la dissolution de l&rsquo;association, convoqu\u00e9 sp\u00e9cialement \u00e0 cet effet, doit comprendre plus de la moiti\u00e9 des membres.<br \/>\nSi cette proportion n&rsquo;est pas atteinte, l&rsquo;Assembl\u00e9e est convoqu\u00e9e \u00e0 nouveau, mais \u00e0 6 jours au moins d&rsquo;intervalle ; elle peut alors d\u00e9lib\u00e9rer quelque soit le nombre de ses membres pr\u00e9sents.<br \/>\nDans tous les cas, la dissolution de l&rsquo;association ne peut \u00eatre prononc\u00e9e qu&rsquo;\u00e0 la majorit\u00e9 des deux tiers des voix des membres pr\u00e9sents et \u00e9ventuellement repr\u00e9sent\u00e9s \u00e0 l&rsquo;Assembl\u00e9e.<\/p>\n<p lang=\"fr-FR\"><span style=\"text-decoration: underline;\">Article 13<\/span><br \/>\nEn cas de dissolution, l&rsquo;Assembl\u00e9e G\u00e9n\u00e9rale d\u00e9signe un ou plusieurs commissaires charg\u00e9s de la liquidation des biens de l&rsquo;association. Elle attribue l&rsquo;actif net \u00e0 toutes associations d\u00e9clar\u00e9es ayant un objet similaire ou \u00e0 tous \u00e9tablissements publics ou priv\u00e9s reconnus d&rsquo;utilit\u00e9 publique de son choix.<br \/>\nEn aucun cas, les membres de l&rsquo;association ne peuvent se voir attribuer, en dehors de la reprise de leurs apports, une part quelconque des biens de l&rsquo;association.<\/p>\n<p class=\"western\" lang=\"fr-FR\"><span style=\"font-size: small;\"><span style=\"font-size: medium;\"><u>Article 14<br \/>\n<\/u><\/span><\/span><span style=\"font-size: medium;\">L\u2019association doit effectuer \u00e0 la Pr\u00e9fecture les d\u00e9clarations pr\u00e9vues \u00e0 l\u2019article 3 du d\u00e9cret du 16 ao\u00fbt 1901, portant r\u00e8glement d\u2019administration publique pour l\u2019application de la loi du 1er juillet 1901 et concernant :<br \/>\n<\/span><span style=\"font-size: small;\"><span style=\"color: #333333;\"><span style=\"font-size: medium;\">\u2013 les modifications apport\u00e9es aux statuts,<\/span><\/span><span style=\"color: #333333;\"><span style=\"font-size: medium;\"><br \/>\n<\/span><\/span><span style=\"color: #333333;\"><span style=\"font-size: medium;\">\u2013 le changement de titre de l\u2019association,<\/span><\/span><span style=\"color: #333333;\"><span style=\"font-size: medium;\"><br \/>\n<\/span><\/span><span style=\"color: #333333;\"><span style=\"font-size: medium;\">\u2013 le transfert du si\u00e8ge social,<\/span><\/span><span style=\"color: #333333;\"><span style=\"font-size: medium;\"><br \/>\n<\/span><\/span><span style=\"color: #333333;\"><span style=\"font-size: medium;\">\u2013 les changements survenus au sein du comit\u00e9 de direction et de son bureau.<\/span><\/span><\/span><\/p>\n<p><span style=\"text-decoration: underline;\">Article 15<\/span><br \/>\nLes r\u00e8glements int\u00e9rieurs sont pr\u00e9par\u00e9s par le comit\u00e9 de direction et adopt\u00e9s par l&rsquo;Assembl\u00e9e G\u00e9n\u00e9rale.<\/p>\n<p><span style=\"text-decoration: underline;\">Article 16<\/span><br \/>\nLes statuts et les r\u00e8glements int\u00e9rieurs ainsi que les modifications qui peuvent y \u00eatre apport\u00e9es doivent \u00eatre<br \/>\ncommuniqu\u00e9s \u00e0 la Direction D\u00e9partementale de la Coh\u00e9sion Sociale dans le mois qui suit leur adoption en Assembl\u00e9e<br \/>\nG\u00e9n\u00e9rale.<\/p>\n<p><strong><span style=\"color: #008000;\">Les pr\u00e9sents statuts ont \u00e9t\u00e9 adopt\u00e9s en Assembl\u00e9e G\u00e9n\u00e9rale ordinaire tenue \u00e0 Passy le 13 janvier 2024.<\/span><\/strong><\/p>\n<p><!--more--><\/p>\n<p>ANCIEN STATUTS\u00a0 (16 janvier 2021)<br \/>\n<a href=\"https:\/\/ensemblealhorizon.com\/wp-content\/uploads\/2021\/04\/statuts-ENSEMBLE-signes-2021.pdf\" target=\"_blank\" rel=\"noopener\">STATUTS ENSEMBLE sign\u00e9s 2021<\/a><\/p>\n","protected":false},"excerpt":{"rendered":"<p>LES MEMBRES DE LA COLLEGIALE &nbsp; &nbsp; &nbsp; &nbsp; &nbsp; &nbsp; &nbsp; ASSEMBLEE GENERALE 2025- 10 JANVIER 2026 Proc\u00e8s verbal &#8211; Assembl\u00e9e g\u00e9n\u00e9rale 2025 ANNEXES AG 2025 &#8211; Rapport Moral AG 2025 &#8211; Rapport Financier AG 2025 &#8211; Feuilles \u00e9margements &hellip; <a href=\"https:\/\/ensemblealhorizon.com\/index.php\/collegiale\/\">Continuer la lecture <span class=\"meta-nav\">&rarr;<\/span><\/a><\/p>\n","protected":false},"author":1,"featured_media":0,"parent":0,"menu_order":0,"comment_status":"closed","ping_status":"closed","template":"","meta":{"footnotes":""},"class_list":["post-824","page","type-page","status-publish","hentry"],"jetpack_sharing_enabled":true,"_links":{"self":[{"href":"https:\/\/ensemblealhorizon.com\/index.php\/wp-json\/wp\/v2\/pages\/824","targetHints":{"allow":["GET"]}}],"collection":[{"href":"https:\/\/ensemblealhorizon.com\/index.php\/wp-json\/wp\/v2\/pages"}],"about":[{"href":"https:\/\/ensemblealhorizon.com\/index.php\/wp-json\/wp\/v2\/types\/page"}],"author":[{"embeddable":true,"href":"https:\/\/ensemblealhorizon.com\/index.php\/wp-json\/wp\/v2\/users\/1"}],"replies":[{"embeddable":true,"href":"https:\/\/ensemblealhorizon.com\/index.php\/wp-json\/wp\/v2\/comments?post=824"}],"version-history":[{"count":38,"href":"https:\/\/ensemblealhorizon.com\/index.php\/wp-json\/wp\/v2\/pages\/824\/revisions"}],"predecessor-version":[{"id":4723,"href":"https:\/\/ensemblealhorizon.com\/index.php\/wp-json\/wp\/v2\/pages\/824\/revisions\/4723"}],"wp:attachment":[{"href":"https:\/\/ensemblealhorizon.com\/index.php\/wp-json\/wp\/v2\/media?parent=824"}],"curies":[{"name":"wp","href":"https:\/\/api.w.org\/{rel}","templated":true}]}}